{"id":1521,"date":"2024-02-01T19:25:03","date_gmt":"2024-02-01T22:25:03","guid":{"rendered":"https:\/\/los7pilaresdelcashflow.com\/?page_id=1521"},"modified":"2024-02-01T19:25:08","modified_gmt":"2024-02-01T22:25:08","slug":"carrusel6","status":"publish","type":"page","link":"https:\/\/sincablesinformatica.com.ar\/cursosenlinea\/carrusel6\/","title":{"rendered":"carrusel6"},"content":{"rendered":"\n\t\t\t<!-- START Stark Carousel1 REVOLUTION SLIDER 6.6.20 --><p class=\"rs-p-wp-fix\"><\/p>\n\t\t\t<rs-module-wrap id=\"highlights_wrapper\" data-source=\"woo\" style=\"visibility:hidden;background:transparent;padding:0;\">\n\t\t\t\t<rs-module id=\"highlights\" style=\"\" data-version=\"6.6.20\">\n\t\t\t\t\t<rs-slides style=\"overflow: hidden; position: absolute;\">\n\t\t\t\t\t\t<rs-slide style=\"position: absolute;\" data-key=\"rs-184\" data-title=\"Asesor\u00eda Financiera &#8220;Optimiza tu Econom\u00eda\" data-description=\"Este programa de 6 meses est\u00e1 dise\u00f1ado para llevar tus finanzas personales al siguiente nivel, concentr\u00e1ndonos en dos pilares fundamentales: maximizar tus ingresos y reducir tus gastos. Prep\u00e1rate para un viaje transformador hacia la prosperidad financiera.\" data-ssop=\"true\" data-in=\"o:0;\" data-out=\"a:false;\">\n\t\t\t\t\t\t\t<img fetchpriority=\"high\" decoding=\"async\" src=\"\/\/sincablesinformatica.com.ar\/cursosenlinea\/wp-content\/plugins\/revslider\/public\/assets\/assets\/dummy.png\" alt=\"\" title=\"stark_slide1.jpg\" width=\"1920\" height=\"1080\" class=\"rev-slidebg tp-rs-img rs-lazyload\" data-lazyload=\"\/\/sincablesinformatica.com.ar\/cursosenlinea\/wp-content\/uploads\/revslider\/stark-carousel\/stark_slide1.jpg\" data-parallax=\"8\" data-no-retina>\n<!--\t\t\t\t\t\t--><rs-zone id=\"rrzm_184\" class=\"rev_row_zone_middle\" style=\"z-index: 12;\"><!--\n\n\t\t\t\t\t\t\t\t--><rs-row\n\t\t\t\t\t\t\t\t\tid=\"slider-88-slide-184-layer-2\" \n\t\t\t\t\t\t\t\t\tdata-type=\"row\"\n\t\t\t\t\t\t\t\t\tdata-xy=\"xo:50px;yo:87px;\"\n\t\t\t\t\t\t\t\t\tdata-rsp_o=\"off\"\n\t\t\t\t\t\t\t\t\tdata-rsp_bd=\"off\"\n\t\t\t\t\t\t\t\t\tdata-padding=\"r:0,0,70,70;l:0,0,70,70;\"\n\t\t\t\t\t\t\t\t\tdata-frame_0=\"o:1;\"\n\t\t\t\t\t\t\t\t\tdata-frame_999=\"o:0;st:w;sA:9000;\"\n\t\t\t\t\t\t\t\t\tstyle=\"z-index:1;\"\n\t\t\t\t\t\t\t\t><!--\n\t\t\t\t\t\t\t\t\t--><rs-column\n\t\t\t\t\t\t\t\t\t\tid=\"slider-88-slide-184-layer-3\" \n\t\t\t\t\t\t\t\t\t\tdata-type=\"column\"\n\t\t\t\t\t\t\t\t\t\tdata-xy=\"xo:50px;yo:87px;\"\n\t\t\t\t\t\t\t\t\t\tdata-text=\"a:left,left,left,center;\"\n\t\t\t\t\t\t\t\t\t\tdata-rsp_o=\"off\"\n\t\t\t\t\t\t\t\t\t\tdata-rsp_bd=\"off\"\n\t\t\t\t\t\t\t\t\t\tdata-column=\"w:25%;\"\n\t\t\t\t\t\t\t\t\t\tdata-frame_0=\"o:1;\"\n\t\t\t\t\t\t\t\t\t\tdata-frame_999=\"o:0;st:w;sA:9000;\"\n\t\t\t\t\t\t\t\t\t\tstyle=\"z-index:2;width:100%;\"\n\t\t\t\t\t\t\t\t\t><!--\t\t\t\t\t\t\t\t\t--><\/rs-column><!--\n\n\t\t\t\t\t\t\t\t\t--><rs-column\n\t\t\t\t\t\t\t\t\t\tid=\"slider-88-slide-184-layer-4\" \n\t\t\t\t\t\t\t\t\t\tdata-type=\"column\"\n\t\t\t\t\t\t\t\t\t\tdata-xy=\"xo:50px;yo:87px;\"\n\t\t\t\t\t\t\t\t\t\tdata-text=\"a:left,left,center,center;\"\n\t\t\t\t\t\t\t\t\t\tdata-rsp_o=\"off\"\n\t\t\t\t\t\t\t\t\t\tdata-rsp_bd=\"off\"\n\t\t\t\t\t\t\t\t\t\tdata-column=\"w:75%;\"\n\t\t\t\t\t\t\t\t\t\tdata-frame_0=\"o:1;\"\n\t\t\t\t\t\t\t\t\t\tdata-frame_999=\"o:0;st:w;sA:9000;\"\n\t\t\t\t\t\t\t\t\t\tstyle=\"z-index:3;width:100%;\"\n\t\t\t\t\t\t\t\t\t><!--\n\t\t\t\t\t\t\t\t\t\t--><rs-layer\n\t\t\t\t\t\t\t\t\t\t\tid=\"slider-88-slide-184-layer-0\" \n\t\t\t\t\t\t\t\t\t\t\tdata-type=\"text\"\n\t\t\t\t\t\t\t\t\t\t\tdata-xy=\"\"\n\t\t\t\t\t\t\t\t\t\t\tdata-pos=\"r\"\n\t\t\t\t\t\t\t\t\t\t\tdata-text=\"w:normal;s:60,45,45,35;l:60,45,45,35;fw:800;a:left,left,center,center;\"\n\t\t\t\t\t\t\t\t\t\t\tdata-rsp_o=\"off\"\n\t\t\t\t\t\t\t\t\t\t\tdata-rsp_bd=\"off\"\n\t\t\t\t\t\t\t\t\t\t\tdata-frame_0=\"x:-50;\"\n\t\t\t\t\t\t\t\t\t\t\tdata-frame_1=\"sp:1000;\"\n\t\t\t\t\t\t\t\t\t\t\tdata-frame_999=\"st:w;sp:1000;auto:true;\"\n\t\t\t\t\t\t\t\t\t\t\tstyle=\"z-index:4;font-family:'Work Sans';\"\n\t\t\t\t\t\t\t\t\t\t>Holy Driver \n\t\t\t\t\t\t\t\t\t\t<\/rs-layer><!--\n\n\t\t\t\t\t\t\t\t\t\t--><rs-layer\n\t\t\t\t\t\t\t\t\t\t\tid=\"slider-88-slide-184-layer-1\" \n\t\t\t\t\t\t\t\t\t\t\tdata-type=\"text\"\n\t\t\t\t\t\t\t\t\t\t\tdata-xy=\"y:m;\"\n\t\t\t\t\t\t\t\t\t\t\tdata-pos=\"r\"\n\t\t\t\t\t\t\t\t\t\t\tdata-text=\"w:normal;s:17;l:20;\"\n\t\t\t\t\t\t\t\t\t\t\tdata-rsp_o=\"off\"\n\t\t\t\t\t\t\t\t\t\t\tdata-rsp_bd=\"off\"\n\t\t\t\t\t\t\t\t\t\t\tdata-disp=\"inline-block\"\n\t\t\t\t\t\t\t\t\t\t\tdata-margin=\"t:10;\"\n\t\t\t\t\t\t\t\t\t\t\tdata-frame_0=\"x:50;\"\n\t\t\t\t\t\t\t\t\t\t\tdata-frame_1=\"sp:1000;\"\n\t\t\t\t\t\t\t\t\t\t\tdata-frame_999=\"st:w;sp:1000;auto:true;\"\n\t\t\t\t\t\t\t\t\t\t\tstyle=\"z-index:5;font-family:'Work Sans';display:inline-block;\"\n\t\t\t\t\t\t\t\t\t\t>Photoshoot for \n\t\t\t\t\t\t\t\t\t\t<\/rs-layer><!--\n\n\t\t\t\t\t\t\t\t\t\t--><rs-layer\n\t\t\t\t\t\t\t\t\t\t\tid=\"slider-88-slide-184-layer-15\" \n\t\t\t\t\t\t\t\t\t\t\tdata-type=\"text\"\n\t\t\t\t\t\t\t\t\t\t\tdata-xy=\"\"\n\t\t\t\t\t\t\t\t\t\t\tdata-pos=\"r\"\n\t\t\t\t\t\t\t\t\t\t\tdata-text=\"w:normal;s:17;l:20;a:center;\"\n\t\t\t\t\t\t\t\t\t\t\tdata-rsp_o=\"off\"\n\t\t\t\t\t\t\t\t\t\t\tdata-rsp_bd=\"off\"\n\t\t\t\t\t\t\t\t\t\t\tdata-disp=\"inline-block\"\n\t\t\t\t\t\t\t\t\t\t\tdata-margin=\"t:10;l:10;\"\n\t\t\t\t\t\t\t\t\t\t\tdata-padding=\"b:5;\"\n\t\t\t\t\t\t\t\t\t\t\tdata-border=\"bos:dashed;boc:#ffffff;bow:0,0,1px,0;\"\n\t\t\t\t\t\t\t\t\t\t\tdata-frame_0=\"x:50;\"\n\t\t\t\t\t\t\t\t\t\t\tdata-frame_1=\"sp:1000;\"\n\t\t\t\t\t\t\t\t\t\t\tdata-frame_999=\"o:0;st:w;\"\n\t\t\t\t\t\t\t\t\t\t\tdata-frame_hover=\"boc:transparent;bos:dashed;bow:0,0,1px,0;e:power1.inOut;\"\n\t\t\t\t\t\t\t\t\t\t\tstyle=\"z-index:6;font-family:'Work Sans';cursor:pointer;display:inline-block;\"\n\t\t\t\t\t\t\t\t\t\t>ThemePunch \n\t\t\t\t\t\t\t\t\t\t<\/rs-layer><!--\n\t\t\t\t\t\t\t\t\t--><\/rs-column><!--\n\t\t\t\t\t\t\t\t--><\/rs-row><!--\n\t\t\t\t\t\t\t--><\/rs-zone><!--\n-->\t\t\t\t\t\t<\/rs-slide>\n\t\t\t\t\t<\/rs-slides>\n\t\t\t\t<\/rs-module>\n\t\t\t\t<script>\n\t\t\t\t\tsetREVStartSize({c: 'highlights',rl:[1240,1024,778,480],el:[900,768,960,720],gw:[1240,1024,778,480],gh:[900,768,960,720],type:'standard',justify:'',layout:'fullscreen',offsetContainer:'',offset:'',mh:\"0\"});if (window.RS_MODULES!==undefined && window.RS_MODULES.modules!==undefined && window.RS_MODULES.modules[\"highlights\"]!==undefined) {window.RS_MODULES.modules[\"highlights\"].once = false;window.revapi88 = undefined;if (window.RS_MODULES.checkMinimal!==undefined) window.RS_MODULES.checkMinimal()}\n\t\t\t\t<\/script>\n\t\t\t<\/rs-module-wrap>\n\t\t\t<!-- END REVOLUTION SLIDER -->\n\n","protected":false},"excerpt":{"rendered":"","protected":false},"author":4,"featured_media":0,"parent":0,"menu_order":0,"comment_status":"closed","ping_status":"closed","template":"","meta":{"_uag_custom_page_level_css":"","site-sidebar-layout":"default","site-content-layout":"","ast-site-content-layout":"","site-content-style":"default","site-sidebar-style":"default","ast-global-header-display":"","ast-banner-title-visibility":"","ast-main-header-display":"","ast-hfb-above-header-display":"","ast-hfb-below-header-display":"","ast-hfb-mobile-header-display":"","site-post-title":"","ast-breadcrumbs-content":"","ast-featured-img":"","footer-sml-layout":"","theme-transparent-header-meta":"","adv-header-id-meta":"","stick-header-meta":"","header-above-stick-meta":"","header-main-stick-meta":"","header-below-stick-meta":"","astra-migrate-meta-layouts":"default","ast-page-background-enabled":"default","ast-page-background-meta":{"desktop":{"background-color":"var(--ast-global-color-4)","background-image":"","background-repeat":"repeat","background-position":"center center","background-size":"auto","background-attachment":"scroll","background-type":"","background-media":"","overlay-type":"","overlay-color":"","overlay-gradient":""},"tablet":{"background-color":"","background-image":"","background-repeat":"repeat","background-position":"center center","background-size":"auto","background-attachment":"scroll","background-type":"","background-media":"","overlay-type":"","overlay-color":"","overlay-gradient":""},"mobile":{"background-color":"","background-image":"","background-repeat":"repeat","background-position":"center center","background-size":"auto","background-attachment":"scroll","background-type":"","background-media":"","overlay-type":"","overlay-color":"","overlay-gradient":""}},"ast-content-background-meta":{"desktop":{"background-color":"var(--ast-global-color-5)","background-image":"","background-repeat":"repeat","background-position":"center center","background-size":"auto","background-attachment":"scroll","background-type":"","background-media":"","overlay-type":"","overlay-color":"","overlay-gradient":""},"tablet":{"background-color":"var(--ast-global-color-5)","background-image":"","background-repeat":"repeat","background-position":"center center","background-size":"auto","background-attachment":"scroll","background-type":"","background-media":"","overlay-type":"","overlay-color":"","overlay-gradient":""},"mobile":{"background-color":"var(--ast-global-color-5)","background-image":"","background-repeat":"repeat","background-position":"center center","background-size":"auto","background-attachment":"scroll","background-type":"","background-media":"","overlay-type":"","overlay-color":"","overlay-gradient":""}},"footnotes":""},"class_list":["post-1521","page","type-page","status-publish","hentry"],"yoast_head":"<!-- This site is optimized with the Yoast SEO plugin v21.8 - https:\/\/yoast.com\/wordpress\/plugins\/seo\/ -->\n<title>carrusel6 -<\/title>\n<meta name=\"robots\" content=\"index, follow, max-snippet:-1, max-image-preview:large, max-video-preview:-1\" \/>\n<link rel=\"canonical\" href=\"http:\/\/sincablesinformatica.com.ar\/cursosenlinea\/carrusel6\/\" \/>\n<meta property=\"og:locale\" content=\"es_ES\" \/>\n<meta property=\"og:type\" content=\"article\" \/>\n<meta property=\"og:title\" content=\"carrusel6 -\" \/>\n<meta property=\"og:url\" content=\"http:\/\/sincablesinformatica.com.ar\/cursosenlinea\/carrusel6\/\" \/>\n<meta property=\"article:modified_time\" content=\"2024-02-01T22:25:08+00:00\" \/>\n<meta name=\"twitter:card\" content=\"summary_large_image\" \/>\n<meta name=\"twitter:label1\" content=\"Tiempo de lectura\" \/>\n\t<meta name=\"twitter:data1\" content=\"1 minuto\" \/>\n<script type=\"application\/ld+json\" class=\"yoast-schema-graph\">{\"@context\":\"https:\/\/schema.org\",\"@graph\":[{\"@type\":\"WebPage\",\"@id\":\"http:\/\/sincablesinformatica.com.ar\/cursosenlinea\/carrusel6\/\",\"url\":\"http:\/\/sincablesinformatica.com.ar\/cursosenlinea\/carrusel6\/\",\"name\":\"carrusel6 -\",\"isPartOf\":{\"@id\":\"http:\/\/sincablesinformatica.com.ar\/cursosenlinea\/#website\"},\"datePublished\":\"2024-02-01T22:25:03+00:00\",\"dateModified\":\"2024-02-01T22:25:08+00:00\",\"breadcrumb\":{\"@id\":\"http:\/\/sincablesinformatica.com.ar\/cursosenlinea\/carrusel6\/#breadcrumb\"},\"inLanguage\":\"es\",\"potentialAction\":[{\"@type\":\"ReadAction\",\"target\":[\"http:\/\/sincablesinformatica.com.ar\/cursosenlinea\/carrusel6\/\"]}]},{\"@type\":\"BreadcrumbList\",\"@id\":\"http:\/\/sincablesinformatica.com.ar\/cursosenlinea\/carrusel6\/#breadcrumb\",\"itemListElement\":[{\"@type\":\"ListItem\",\"position\":1,\"name\":\"Portada\",\"item\":\"http:\/\/sincablesinformatica.com.ar\/cursosenlinea\/\"},{\"@type\":\"ListItem\",\"position\":2,\"name\":\"carrusel6\"}]},{\"@type\":\"WebSite\",\"@id\":\"http:\/\/sincablesinformatica.com.ar\/cursosenlinea\/#website\",\"url\":\"http:\/\/sincablesinformatica.com.ar\/cursosenlinea\/\",\"name\":\"Los 7 pilares del cash flow\",\"description\":\"Mejora tu economia con nuestros cursos\",\"publisher\":{\"@id\":\"http:\/\/sincablesinformatica.com.ar\/cursosenlinea\/#organization\"},\"potentialAction\":[{\"@type\":\"SearchAction\",\"target\":{\"@type\":\"EntryPoint\",\"urlTemplate\":\"http:\/\/sincablesinformatica.com.ar\/cursosenlinea\/?s={search_term_string}\"},\"query-input\":\"required name=search_term_string\"}],\"inLanguage\":\"es\"},{\"@type\":\"Organization\",\"@id\":\"http:\/\/sincablesinformatica.com.ar\/cursosenlinea\/#organization\",\"name\":\"Los 7 pilares del cash flow\",\"url\":\"http:\/\/sincablesinformatica.com.ar\/cursosenlinea\/\",\"logo\":{\"@type\":\"ImageObject\",\"inLanguage\":\"es\",\"@id\":\"http:\/\/sincablesinformatica.com.ar\/cursosenlinea\/#\/schema\/logo\/image\/\",\"url\":\"https:\/\/sincablesinformatica.com.ar\/cursosenlinea\/wp-content\/uploads\/2024\/01\/cropped-los7pilaresdelcashflow4000-e1706712303472.png\",\"contentUrl\":\"https:\/\/sincablesinformatica.com.ar\/cursosenlinea\/wp-content\/uploads\/2024\/01\/cropped-los7pilaresdelcashflow4000-e1706712303472.png\",\"width\":104,\"height\":60,\"caption\":\"Los 7 pilares del cash flow\"},\"image\":{\"@id\":\"http:\/\/sincablesinformatica.com.ar\/cursosenlinea\/#\/schema\/logo\/image\/\"}}]}<\/script>\n<!-- \/ Yoast SEO plugin. -->","yoast_head_json":{"title":"carrusel6 -","robots":{"index":"index","follow":"follow","max-snippet":"max-snippet:-1","max-image-preview":"max-image-preview:large","max-video-preview":"max-video-preview:-1"},"canonical":"http:\/\/sincablesinformatica.com.ar\/cursosenlinea\/carrusel6\/","og_locale":"es_ES","og_type":"article","og_title":"carrusel6 -","og_url":"http:\/\/sincablesinformatica.com.ar\/cursosenlinea\/carrusel6\/","article_modified_time":"2024-02-01T22:25:08+00:00","twitter_card":"summary_large_image","twitter_misc":{"Tiempo de lectura":"1 minuto"},"schema":{"@context":"https:\/\/schema.org","@graph":[{"@type":"WebPage","@id":"http:\/\/sincablesinformatica.com.ar\/cursosenlinea\/carrusel6\/","url":"http:\/\/sincablesinformatica.com.ar\/cursosenlinea\/carrusel6\/","name":"carrusel6 -","isPartOf":{"@id":"http:\/\/sincablesinformatica.com.ar\/cursosenlinea\/#website"},"datePublished":"2024-02-01T22:25:03+00:00","dateModified":"2024-02-01T22:25:08+00:00","breadcrumb":{"@id":"http:\/\/sincablesinformatica.com.ar\/cursosenlinea\/carrusel6\/#breadcrumb"},"inLanguage":"es","potentialAction":[{"@type":"ReadAction","target":["http:\/\/sincablesinformatica.com.ar\/cursosenlinea\/carrusel6\/"]}]},{"@type":"BreadcrumbList","@id":"http:\/\/sincablesinformatica.com.ar\/cursosenlinea\/carrusel6\/#breadcrumb","itemListElement":[{"@type":"ListItem","position":1,"name":"Portada","item":"http:\/\/sincablesinformatica.com.ar\/cursosenlinea\/"},{"@type":"ListItem","position":2,"name":"carrusel6"}]},{"@type":"WebSite","@id":"http:\/\/sincablesinformatica.com.ar\/cursosenlinea\/#website","url":"http:\/\/sincablesinformatica.com.ar\/cursosenlinea\/","name":"Los 7 pilares del cash flow","description":"Mejora tu economia con nuestros cursos","publisher":{"@id":"http:\/\/sincablesinformatica.com.ar\/cursosenlinea\/#organization"},"potentialAction":[{"@type":"SearchAction","target":{"@type":"EntryPoint","urlTemplate":"http:\/\/sincablesinformatica.com.ar\/cursosenlinea\/?s={search_term_string}"},"query-input":"required name=search_term_string"}],"inLanguage":"es"},{"@type":"Organization","@id":"http:\/\/sincablesinformatica.com.ar\/cursosenlinea\/#organization","name":"Los 7 pilares del cash flow","url":"http:\/\/sincablesinformatica.com.ar\/cursosenlinea\/","logo":{"@type":"ImageObject","inLanguage":"es","@id":"http:\/\/sincablesinformatica.com.ar\/cursosenlinea\/#\/schema\/logo\/image\/","url":"https:\/\/sincablesinformatica.com.ar\/cursosenlinea\/wp-content\/uploads\/2024\/01\/cropped-los7pilaresdelcashflow4000-e1706712303472.png","contentUrl":"https:\/\/sincablesinformatica.com.ar\/cursosenlinea\/wp-content\/uploads\/2024\/01\/cropped-los7pilaresdelcashflow4000-e1706712303472.png","width":104,"height":60,"caption":"Los 7 pilares del cash flow"},"image":{"@id":"http:\/\/sincablesinformatica.com.ar\/cursosenlinea\/#\/schema\/logo\/image\/"}}]}},"uagb_featured_image_src":{"full":false,"thumbnail":false,"medium":false,"medium_large":false,"large":false,"1536x1536":false,"2048x2048":false,"course_archive_thumbnail":false,"course_single_thumbnail":false,"lesson_archive_thumbnail":false,"lesson_single_thumbnail":false,"codesigner-thumb":false,"woocommerce_thumbnail":false,"woocommerce_single":false,"woocommerce_gallery_thumbnail":false},"uagb_author_info":{"display_name":"Hugo Infante","author_link":"https:\/\/sincablesinformatica.com.ar\/cursosenlinea\/author\/hugo\/"},"uagb_comment_info":0,"uagb_excerpt":null,"_links":{"self":[{"href":"https:\/\/sincablesinformatica.com.ar\/cursosenlinea\/wp-json\/wp\/v2\/pages\/1521","targetHints":{"allow":["GET"]}}],"collection":[{"href":"https:\/\/sincablesinformatica.com.ar\/cursosenlinea\/wp-json\/wp\/v2\/pages"}],"about":[{"href":"https:\/\/sincablesinformatica.com.ar\/cursosenlinea\/wp-json\/wp\/v2\/types\/page"}],"author":[{"embeddable":true,"href":"https:\/\/sincablesinformatica.com.ar\/cursosenlinea\/wp-json\/wp\/v2\/users\/4"}],"replies":[{"embeddable":true,"href":"https:\/\/sincablesinformatica.com.ar\/cursosenlinea\/wp-json\/wp\/v2\/comments?post=1521"}],"version-history":[{"count":1,"href":"https:\/\/sincablesinformatica.com.ar\/cursosenlinea\/wp-json\/wp\/v2\/pages\/1521\/revisions"}],"predecessor-version":[{"id":1522,"href":"https:\/\/sincablesinformatica.com.ar\/cursosenlinea\/wp-json\/wp\/v2\/pages\/1521\/revisions\/1522"}],"wp:attachment":[{"href":"https:\/\/sincablesinformatica.com.ar\/cursosenlinea\/wp-json\/wp\/v2\/media?parent=1521"}],"curies":[{"name":"wp","href":"https:\/\/api.w.org\/{rel}","templated":true}]}}