{"id":2,"date":"2013-11-06T11:55:36","date_gmt":"2013-11-06T11:55:36","guid":{"rendered":"https:\/\/los7pilaresdelcashflow.com\/\/?page_id=2"},"modified":"2024-01-16T21:59:35","modified_gmt":"2024-01-16T21:59:35","slug":"pagina-ejemplo","status":"publish","type":"page","link":"https:\/\/sincablesinformatica.com.ar\/cursosenlinea\/pagina-ejemplo\/","title":{"rendered":"Nuestros cursos"},"content":{"rendered":"<div data-block-name=\"woocommerce\/all-products\" data-columns=\"5\" data-rows=\"5\" data-align-buttons=\"false\" data-content-visibility=\"{&quot;orderBy&quot;:true}\" data-orderby=\"date\" data-layout-config=\"[[&quot;woocommerce\\\/product-image&quot;,{&quot;imageSizing&quot;:&quot;thumbnail&quot;}],[&quot;woocommerce\\\/product-title&quot;],[&quot;woocommerce\\\/product-price&quot;],[&quot;woocommerce\\\/product-rating&quot;],[&quot;woocommerce\\\/product-button&quot;]]\" class=\"wp-block-woocommerce-all-products wc-block-all-products\" data-attributes=\"{&quot;alignButtons&quot;:false,&quot;columns&quot;:5,&quot;contentVisibility&quot;:{&quot;orderBy&quot;:true},&quot;isPreview&quot;:false,&quot;layoutConfig&quot;:[[&quot;woocommerce\/product-image&quot;,{&quot;imageSizing&quot;:&quot;thumbnail&quot;}],[&quot;woocommerce\/product-title&quot;],[&quot;woocommerce\/product-price&quot;],[&quot;woocommerce\/product-rating&quot;],[&quot;woocommerce\/product-button&quot;]],&quot;metadata&quot;:{&quot;name&quot;:&quot;Tienda bloque&quot;},&quot;orderby&quot;:&quot;date&quot;,&quot;rows&quot;:5}\"><\/div>\n\n\n<p><\/p>\n\n\n<div id=\"porto-blog-2223\" class=\"porto-blog wpb_content_element \">\n\t\t<div class=\"blog-posts posts-timeline\">\n\t\t\t<section class=\"timeline\">\n\t\t\t\t<div class=\"timeline-body\">\n\n\t\t\n\t\n\t\t\t\t<\/div>\n\t\t\t<\/section>\n\t\t<\/div>\n\n\t\n\t\n\t<\/div>\n\n\n<p><\/p>\n\n\n\n<p><\/p>\n\n\n\n<p><\/p>\n\n\n\n<p>Esto es una p\u00e1gina de ejemplo. Es diferente a una entrada porque permanece fija en un lugar y se mostrar\u00e1 en la navegaci\u00f3n de tu sitio (en la mayor\u00eda de los temas). La mayor\u00eda de la gente empieza con una p\u00e1gina de Acerca de, que les presenta a los potenciales visitantes del sitio. Podr\u00eda ser algo como esto:<\/p>\n\n\n\n<blockquote class=\"wp-block-quote is-layout-flow wp-block-quote-is-layout-flow\">\n<p>\u00a1Hola! Soy mensajero por el d\u00eda, aspirante a actor por la noche, y este es mi blog. Vivo en Madrid, tengo un perrazo llamado Duque y me gustan las pi\u00f1as coladas (y que me pille un chaparr\u00f3n)<\/p>\n<\/blockquote>\n\n\n\n<p>&#8230;o algo as\u00ed:<\/p>\n\n\n\n<blockquote class=\"wp-block-quote is-layout-flow wp-block-quote-is-layout-flow\">\n<p>La empresa XYZ se fund\u00f3 en 1971 y ha estado ofreciendo &#8220;cosas&#8221; de calidad al p\u00fablico desde entonces. Situada en Madrid, XYZ emplea a m\u00e1s de 2.000 personas y hace todo tipo de cosas sorprendentes para la comunidad de Madrid.<\/p>\n<\/blockquote>\n\n\n\n<p>Si eres nuevo en WordPress deber\u00edas ir a <a href=\"http:\/\/sincablesinformatica.com.ar\/cursosenlinea\/\/wp-admin\/\">tu escritorio<\/a> para borrar esta p\u00e1ginay crear p\u00e1ginas nuevas con tu propio contenido. \u00a1P\u00e1salo bien!<\/p>\n","protected":false},"excerpt":{"rendered":"<p>Esto es una p\u00e1gina de ejemplo. Es diferente a una entrada porque permanece fija en un lugar y se mostrar\u00e1 [&hellip;]<\/p>\n","protected":false},"author":2,"featured_media":0,"parent":0,"menu_order":0,"comment_status":"closed","ping_status":"open","template":"","meta":{"_uag_custom_page_level_css":"","site-sidebar-layout":"default","site-content-layout":"","ast-site-content-layout":"","site-content-style":"default","site-sidebar-style":"default","ast-global-header-display":"","ast-banner-title-visibility":"","ast-main-header-display":"","ast-hfb-above-header-display":"","ast-hfb-below-header-display":"","ast-hfb-mobile-header-display":"","site-post-title":"","ast-breadcrumbs-content":"","ast-featured-img":"","footer-sml-layout":"","theme-transparent-header-meta":"","adv-header-id-meta":"","stick-header-meta":"","header-above-stick-meta":"","header-main-stick-meta":"","header-below-stick-meta":"","astra-migrate-meta-layouts":"default","ast-page-background-enabled":"default","ast-page-background-meta":{"desktop":{"background-color":"var(--ast-global-color-4)","background-image":"","background-repeat":"repeat","background-position":"center center","background-size":"auto","background-attachment":"scroll","background-type":"","background-media":"","overlay-type":"","overlay-color":"","overlay-gradient":""},"tablet":{"background-color":"","background-image":"","background-repeat":"repeat","background-position":"center center","background-size":"auto","background-attachment":"scroll","background-type":"","background-media":"","overlay-type":"","overlay-color":"","overlay-gradient":""},"mobile":{"background-color":"","background-image":"","background-repeat":"repeat","background-position":"center center","background-size":"auto","background-attachment":"scroll","background-type":"","background-media":"","overlay-type":"","overlay-color":"","overlay-gradient":""}},"ast-content-background-meta":{"desktop":{"background-color":"var(--ast-global-color-5)","background-image":"","background-repeat":"repeat","background-position":"center center","background-size":"auto","background-attachment":"scroll","background-type":"","background-media":"","overlay-type":"","overlay-color":"","overlay-gradient":""},"tablet":{"background-color":"var(--ast-global-color-5)","background-image":"","background-repeat":"repeat","background-position":"center center","background-size":"auto","background-attachment":"scroll","background-type":"","background-media":"","overlay-type":"","overlay-color":"","overlay-gradient":""},"mobile":{"background-color":"var(--ast-global-color-5)","background-image":"","background-repeat":"repeat","background-position":"center center","background-size":"auto","background-attachment":"scroll","background-type":"","background-media":"","overlay-type":"","overlay-color":"","overlay-gradient":""}},"footnotes":""},"class_list":["post-2","page","type-page","status-publish","hentry"],"yoast_head":"<!-- This site is optimized with the Yoast SEO plugin v21.8 - https:\/\/yoast.com\/wordpress\/plugins\/seo\/ -->\n<title>Nuestros cursos -<\/title>\n<meta name=\"robots\" content=\"index, follow, max-snippet:-1, max-image-preview:large, max-video-preview:-1\" \/>\n<link rel=\"canonical\" href=\"http:\/\/sincablesinformatica.com.ar\/cursosenlinea\/pagina-ejemplo\/\" \/>\n<meta property=\"og:locale\" content=\"es_ES\" \/>\n<meta property=\"og:type\" content=\"article\" \/>\n<meta property=\"og:title\" content=\"Nuestros cursos -\" \/>\n<meta property=\"og:description\" content=\"Esto es una p\u00e1gina de ejemplo. Es diferente a una entrada porque permanece fija en un lugar y se mostrar\u00e1 [&hellip;]\" \/>\n<meta property=\"og:url\" content=\"http:\/\/sincablesinformatica.com.ar\/cursosenlinea\/pagina-ejemplo\/\" \/>\n<meta property=\"article:modified_time\" content=\"2024-01-16T21:59:35+00:00\" \/>\n<meta name=\"twitter:card\" content=\"summary_large_image\" \/>\n<meta name=\"twitter:label1\" content=\"Tiempo de lectura\" \/>\n\t<meta name=\"twitter:data1\" content=\"1 minuto\" \/>\n<script type=\"application\/ld+json\" class=\"yoast-schema-graph\">{\"@context\":\"https:\/\/schema.org\",\"@graph\":[{\"@type\":\"WebPage\",\"@id\":\"http:\/\/sincablesinformatica.com.ar\/cursosenlinea\/pagina-ejemplo\/\",\"url\":\"http:\/\/sincablesinformatica.com.ar\/cursosenlinea\/pagina-ejemplo\/\",\"name\":\"Nuestros cursos -\",\"isPartOf\":{\"@id\":\"http:\/\/sincablesinformatica.com.ar\/cursosenlinea\/#website\"},\"datePublished\":\"2013-11-06T11:55:36+00:00\",\"dateModified\":\"2024-01-16T21:59:35+00:00\",\"breadcrumb\":{\"@id\":\"http:\/\/sincablesinformatica.com.ar\/cursosenlinea\/pagina-ejemplo\/#breadcrumb\"},\"inLanguage\":\"es\",\"potentialAction\":[{\"@type\":\"ReadAction\",\"target\":[\"http:\/\/sincablesinformatica.com.ar\/cursosenlinea\/pagina-ejemplo\/\"]}]},{\"@type\":\"BreadcrumbList\",\"@id\":\"http:\/\/sincablesinformatica.com.ar\/cursosenlinea\/pagina-ejemplo\/#breadcrumb\",\"itemListElement\":[{\"@type\":\"ListItem\",\"position\":1,\"name\":\"Portada\",\"item\":\"http:\/\/sincablesinformatica.com.ar\/cursosenlinea\/\"},{\"@type\":\"ListItem\",\"position\":2,\"name\":\"Nuestros cursos\"}]},{\"@type\":\"WebSite\",\"@id\":\"http:\/\/sincablesinformatica.com.ar\/cursosenlinea\/#website\",\"url\":\"http:\/\/sincablesinformatica.com.ar\/cursosenlinea\/\",\"name\":\"Los 7 pilares del cash flow\",\"description\":\"Mejora tu economia con nuestros cursos\",\"publisher\":{\"@id\":\"http:\/\/sincablesinformatica.com.ar\/cursosenlinea\/#organization\"},\"potentialAction\":[{\"@type\":\"SearchAction\",\"target\":{\"@type\":\"EntryPoint\",\"urlTemplate\":\"http:\/\/sincablesinformatica.com.ar\/cursosenlinea\/?s={search_term_string}\"},\"query-input\":\"required name=search_term_string\"}],\"inLanguage\":\"es\"},{\"@type\":\"Organization\",\"@id\":\"http:\/\/sincablesinformatica.com.ar\/cursosenlinea\/#organization\",\"name\":\"Los 7 pilares del cash flow\",\"url\":\"http:\/\/sincablesinformatica.com.ar\/cursosenlinea\/\",\"logo\":{\"@type\":\"ImageObject\",\"inLanguage\":\"es\",\"@id\":\"http:\/\/sincablesinformatica.com.ar\/cursosenlinea\/#\/schema\/logo\/image\/\",\"url\":\"https:\/\/sincablesinformatica.com.ar\/cursosenlinea\/wp-content\/uploads\/2024\/01\/cropped-los7pilaresdelcashflow4000-e1706712303472.png\",\"contentUrl\":\"https:\/\/sincablesinformatica.com.ar\/cursosenlinea\/wp-content\/uploads\/2024\/01\/cropped-los7pilaresdelcashflow4000-e1706712303472.png\",\"width\":104,\"height\":60,\"caption\":\"Los 7 pilares del cash flow\"},\"image\":{\"@id\":\"http:\/\/sincablesinformatica.com.ar\/cursosenlinea\/#\/schema\/logo\/image\/\"}}]}<\/script>\n<!-- \/ Yoast SEO plugin. -->","yoast_head_json":{"title":"Nuestros cursos -","robots":{"index":"index","follow":"follow","max-snippet":"max-snippet:-1","max-image-preview":"max-image-preview:large","max-video-preview":"max-video-preview:-1"},"canonical":"http:\/\/sincablesinformatica.com.ar\/cursosenlinea\/pagina-ejemplo\/","og_locale":"es_ES","og_type":"article","og_title":"Nuestros cursos -","og_description":"Esto es una p\u00e1gina de ejemplo. Es diferente a una entrada porque permanece fija en un lugar y se mostrar\u00e1 [&hellip;]","og_url":"http:\/\/sincablesinformatica.com.ar\/cursosenlinea\/pagina-ejemplo\/","article_modified_time":"2024-01-16T21:59:35+00:00","twitter_card":"summary_large_image","twitter_misc":{"Tiempo de lectura":"1 minuto"},"schema":{"@context":"https:\/\/schema.org","@graph":[{"@type":"WebPage","@id":"http:\/\/sincablesinformatica.com.ar\/cursosenlinea\/pagina-ejemplo\/","url":"http:\/\/sincablesinformatica.com.ar\/cursosenlinea\/pagina-ejemplo\/","name":"Nuestros cursos -","isPartOf":{"@id":"http:\/\/sincablesinformatica.com.ar\/cursosenlinea\/#website"},"datePublished":"2013-11-06T11:55:36+00:00","dateModified":"2024-01-16T21:59:35+00:00","breadcrumb":{"@id":"http:\/\/sincablesinformatica.com.ar\/cursosenlinea\/pagina-ejemplo\/#breadcrumb"},"inLanguage":"es","potentialAction":[{"@type":"ReadAction","target":["http:\/\/sincablesinformatica.com.ar\/cursosenlinea\/pagina-ejemplo\/"]}]},{"@type":"BreadcrumbList","@id":"http:\/\/sincablesinformatica.com.ar\/cursosenlinea\/pagina-ejemplo\/#breadcrumb","itemListElement":[{"@type":"ListItem","position":1,"name":"Portada","item":"http:\/\/sincablesinformatica.com.ar\/cursosenlinea\/"},{"@type":"ListItem","position":2,"name":"Nuestros cursos"}]},{"@type":"WebSite","@id":"http:\/\/sincablesinformatica.com.ar\/cursosenlinea\/#website","url":"http:\/\/sincablesinformatica.com.ar\/cursosenlinea\/","name":"Los 7 pilares del cash flow","description":"Mejora tu economia con nuestros cursos","publisher":{"@id":"http:\/\/sincablesinformatica.com.ar\/cursosenlinea\/#organization"},"potentialAction":[{"@type":"SearchAction","target":{"@type":"EntryPoint","urlTemplate":"http:\/\/sincablesinformatica.com.ar\/cursosenlinea\/?s={search_term_string}"},"query-input":"required name=search_term_string"}],"inLanguage":"es"},{"@type":"Organization","@id":"http:\/\/sincablesinformatica.com.ar\/cursosenlinea\/#organization","name":"Los 7 pilares del cash flow","url":"http:\/\/sincablesinformatica.com.ar\/cursosenlinea\/","logo":{"@type":"ImageObject","inLanguage":"es","@id":"http:\/\/sincablesinformatica.com.ar\/cursosenlinea\/#\/schema\/logo\/image\/","url":"https:\/\/sincablesinformatica.com.ar\/cursosenlinea\/wp-content\/uploads\/2024\/01\/cropped-los7pilaresdelcashflow4000-e1706712303472.png","contentUrl":"https:\/\/sincablesinformatica.com.ar\/cursosenlinea\/wp-content\/uploads\/2024\/01\/cropped-los7pilaresdelcashflow4000-e1706712303472.png","width":104,"height":60,"caption":"Los 7 pilares del cash flow"},"image":{"@id":"http:\/\/sincablesinformatica.com.ar\/cursosenlinea\/#\/schema\/logo\/image\/"}}]}},"uagb_featured_image_src":{"full":false,"thumbnail":false,"medium":false,"medium_large":false,"large":false,"1536x1536":false,"2048x2048":false,"course_archive_thumbnail":false,"course_single_thumbnail":false,"lesson_archive_thumbnail":false,"lesson_single_thumbnail":false,"codesigner-thumb":false,"woocommerce_thumbnail":false,"woocommerce_single":false,"woocommerce_gallery_thumbnail":false},"uagb_author_info":{"display_name":"c2092055","author_link":"https:\/\/sincablesinformatica.com.ar\/cursosenlinea\/author\/c2092055\/"},"uagb_comment_info":0,"uagb_excerpt":"Esto es una p\u00e1gina de ejemplo. Es diferente a una entrada porque permanece fija en un lugar y se mostrar\u00e1 [&hellip;]","_links":{"self":[{"href":"https:\/\/sincablesinformatica.com.ar\/cursosenlinea\/wp-json\/wp\/v2\/pages\/2","targetHints":{"allow":["GET"]}}],"collection":[{"href":"https:\/\/sincablesinformatica.com.ar\/cursosenlinea\/wp-json\/wp\/v2\/pages"}],"about":[{"href":"https:\/\/sincablesinformatica.com.ar\/cursosenlinea\/wp-json\/wp\/v2\/types\/page"}],"author":[{"embeddable":true,"href":"https:\/\/sincablesinformatica.com.ar\/cursosenlinea\/wp-json\/wp\/v2\/users\/2"}],"replies":[{"embeddable":true,"href":"https:\/\/sincablesinformatica.com.ar\/cursosenlinea\/wp-json\/wp\/v2\/comments?post=2"}],"version-history":[{"count":3,"href":"https:\/\/sincablesinformatica.com.ar\/cursosenlinea\/wp-json\/wp\/v2\/pages\/2\/revisions"}],"predecessor-version":[{"id":98,"href":"https:\/\/sincablesinformatica.com.ar\/cursosenlinea\/wp-json\/wp\/v2\/pages\/2\/revisions\/98"}],"wp:attachment":[{"href":"https:\/\/sincablesinformatica.com.ar\/cursosenlinea\/wp-json\/wp\/v2\/media?parent=2"}],"curies":[{"name":"wp","href":"https:\/\/api.w.org\/{rel}","templated":true}]}}