{"id":180,"date":"2024-01-25T21:03:35","date_gmt":"2024-01-25T21:03:35","guid":{"rendered":"https:\/\/los7pilaresdelcashflow.com\/?post_type=product&#038;p=180"},"modified":"2024-01-25T21:30:17","modified_gmt":"2024-01-25T21:30:17","slug":"taller-de-asesoria-financiera-rumbo-a-la-estabilidad-economica","status":"publish","type":"product","link":"https:\/\/sincablesinformatica.com.ar\/cursosenlinea\/product\/taller-de-asesoria-financiera-rumbo-a-la-estabilidad-economica\/","title":{"rendered":"Taller de Asesor\u00eda Financiera &#8220;Rumbo a la Estabilidad Econ\u00f3mica&#8221;"},"content":{"rendered":"<p>En este emocionante curso de 3 meses, te embarcar\u00e1s en un viaje transformador hacia el control total de tus finanzas. Nuestro taller est\u00e1 dise\u00f1ado para ayudarte a reconocer, comprender y, lo m\u00e1s importante, optimizar tus gastos para generar ganancias significativas en tus ingresos.<\/p>\n","protected":false},"excerpt":{"rendered":"<p>En este emocionante curso de 3 meses, te embarcar\u00e1s en un viaje transformador hacia el control total de tus finanzas. [&hellip;]<\/p>\n","protected":false},"featured_media":182,"comment_status":"open","ping_status":"closed","template":"","meta":{"_uag_custom_page_level_css":"","site-sidebar-layout":"default","site-content-layout":"","ast-site-content-layout":"default","site-content-style":"default","site-sidebar-style":"default","ast-global-header-display":"","ast-banner-title-visibility":"","ast-main-header-display":"","ast-hfb-above-header-display":"","ast-hfb-below-header-display":"","ast-hfb-mobile-header-display":"","site-post-title":"","ast-breadcrumbs-content":"","ast-featured-img":"","footer-sml-layout":"","theme-transparent-header-meta":"default","adv-header-id-meta":"","stick-header-meta":"default","header-above-stick-meta":"","header-main-stick-meta":"","header-below-stick-meta":"","astra-migrate-meta-layouts":"set","ast-page-background-enabled":"default","ast-page-background-meta":{"desktop":{"background-color":"var(--ast-global-color-4)","background-image":"","background-repeat":"repeat","background-position":"center center","background-size":"auto","background-attachment":"scroll","background-type":"","background-media":"","overlay-type":"","overlay-color":"","overlay-gradient":""},"tablet":{"background-color":"","background-image":"","background-repeat":"repeat","background-position":"center center","background-size":"auto","background-attachment":"scroll","background-type":"","background-media":"","overlay-type":"","overlay-color":"","overlay-gradient":""},"mobile":{"background-color":"","background-image":"","background-repeat":"repeat","background-position":"center center","background-size":"auto","background-attachment":"scroll","background-type":"","background-media":"","overlay-type":"","overlay-color":"","overlay-gradient":""}},"ast-content-background-meta":{"desktop":{"background-color":"var(--ast-global-color-5)","background-image":"","background-repeat":"repeat","background-position":"center center","background-size":"auto","background-attachment":"scroll","background-type":"","background-media":"","overlay-type":"","overlay-color":"","overlay-gradient":""},"tablet":{"background-color":"var(--ast-global-color-5)","background-image":"","background-repeat":"repeat","background-position":"center center","background-size":"auto","background-attachment":"scroll","background-type":"","background-media":"","overlay-type":"","overlay-color":"","overlay-gradient":""},"mobile":{"background-color":"var(--ast-global-color-5)","background-image":"","background-repeat":"repeat","background-position":"center center","background-size":"auto","background-attachment":"scroll","background-type":"","background-media":"","overlay-type":"","overlay-color":"","overlay-gradient":""}}},"product_cat":[15],"product_tag":[],"class_list":{"0":"post-180","1":"product","2":"type-product","3":"status-publish","4":"has-post-thumbnail","6":"product_cat-uncategorized","7":"post","8":"desktop-align-left","9":"tablet-align-left","10":"mobile-align-left","11":"ast-product-gallery-layout-horizontal-slider","12":"ast-product-gallery-with-no-image","13":"ast-product-tabs-layout-horizontal","15":"first","16":"instock","17":"sale","18":"taxable","19":"shipping-taxable","20":"purchasable","21":"product-type-simple"},"yoast_head":"<!-- This site is optimized with the Yoast SEO plugin v21.8 - https:\/\/yoast.com\/wordpress\/plugins\/seo\/ -->\n<title>Taller de Asesor\u00eda Financiera &quot;Rumbo a la Estabilidad Econ\u00f3mica&quot; -<\/title>\n<meta name=\"description\" content=\"Nuestro taller est\u00e1 dise\u00f1ado para ayudarte a reconocer, comprender y, lo m\u00e1s importante, optimizar tus gastos para generar ganancias significativas en tus ingresos.\" \/>\n<meta name=\"robots\" content=\"index, follow, max-snippet:-1, max-image-preview:large, max-video-preview:-1\" \/>\n<link rel=\"canonical\" href=\"http:\/\/sincablesinformatica.com.ar\/cursosenlinea\/product\/taller-de-asesoria-financiera-rumbo-a-la-estabilidad-economica\/\" \/>\n<meta property=\"og:locale\" content=\"es_ES\" \/>\n<meta property=\"og:type\" content=\"article\" \/>\n<meta property=\"og:title\" content=\"Taller de Asesor\u00eda Financiera &quot;Rumbo a la Estabilidad Econ\u00f3mica&quot; -\" \/>\n<meta property=\"og:description\" content=\"Nuestro taller est\u00e1 dise\u00f1ado para ayudarte a reconocer, comprender y, lo m\u00e1s importante, optimizar tus gastos para generar ganancias significativas en tus ingresos.\" \/>\n<meta property=\"og:url\" content=\"http:\/\/sincablesinformatica.com.ar\/cursosenlinea\/product\/taller-de-asesoria-financiera-rumbo-a-la-estabilidad-economica\/\" \/>\n<meta property=\"article:modified_time\" content=\"2024-01-25T21:30:17+00:00\" \/>\n<meta property=\"og:image\" content=\"http:\/\/sincablesinformatica.com.ar\/cursosenlinea\/wp-content\/uploads\/2024\/01\/En-vivo-Los-7-pilares-4.png\" \/>\n\t<meta property=\"og:image:width\" content=\"675\" \/>\n\t<meta property=\"og:image:height\" content=\"675\" \/>\n\t<meta property=\"og:image:type\" content=\"image\/png\" \/>\n<meta name=\"twitter:card\" content=\"summary_large_image\" \/>\n<meta name=\"twitter:label1\" content=\"Tiempo de lectura\" \/>\n\t<meta name=\"twitter:data1\" content=\"1 minuto\" \/>\n<script type=\"application\/ld+json\" class=\"yoast-schema-graph\">{\"@context\":\"https:\/\/schema.org\",\"@graph\":[{\"@type\":\"WebPage\",\"@id\":\"http:\/\/sincablesinformatica.com.ar\/cursosenlinea\/product\/taller-de-asesoria-financiera-rumbo-a-la-estabilidad-economica\/\",\"url\":\"http:\/\/sincablesinformatica.com.ar\/cursosenlinea\/product\/taller-de-asesoria-financiera-rumbo-a-la-estabilidad-economica\/\",\"name\":\"Taller de Asesor\u00eda Financiera \\\"Rumbo a la Estabilidad Econ\u00f3mica\\\" -\",\"isPartOf\":{\"@id\":\"http:\/\/sincablesinformatica.com.ar\/cursosenlinea\/#website\"},\"datePublished\":\"2024-01-25T21:03:35+00:00\",\"dateModified\":\"2024-01-25T21:30:17+00:00\",\"description\":\"Nuestro taller est\u00e1 dise\u00f1ado para ayudarte a reconocer, comprender y, lo m\u00e1s importante, optimizar tus gastos para generar ganancias significativas en tus ingresos.\",\"breadcrumb\":{\"@id\":\"http:\/\/sincablesinformatica.com.ar\/cursosenlinea\/product\/taller-de-asesoria-financiera-rumbo-a-la-estabilidad-economica\/#breadcrumb\"},\"inLanguage\":\"es\",\"potentialAction\":[{\"@type\":\"ReadAction\",\"target\":[\"http:\/\/sincablesinformatica.com.ar\/cursosenlinea\/product\/taller-de-asesoria-financiera-rumbo-a-la-estabilidad-economica\/\"]}]},{\"@type\":\"BreadcrumbList\",\"@id\":\"http:\/\/sincablesinformatica.com.ar\/cursosenlinea\/product\/taller-de-asesoria-financiera-rumbo-a-la-estabilidad-economica\/#breadcrumb\",\"itemListElement\":[{\"@type\":\"ListItem\",\"position\":1,\"name\":\"Portada\",\"item\":\"http:\/\/sincablesinformatica.com.ar\/cursosenlinea\/\"},{\"@type\":\"ListItem\",\"position\":2,\"name\":\"Tienda\",\"item\":\"http:\/\/sincablesinformatica.com.ar\/cursosenlinea\/shop-2\/\"},{\"@type\":\"ListItem\",\"position\":3,\"name\":\"Taller de Asesor\u00eda Financiera &#8220;Rumbo a la Estabilidad Econ\u00f3mica&#8221;\"}]},{\"@type\":\"WebSite\",\"@id\":\"http:\/\/sincablesinformatica.com.ar\/cursosenlinea\/#website\",\"url\":\"http:\/\/sincablesinformatica.com.ar\/cursosenlinea\/\",\"name\":\"Los 7 pilares del cash flow\",\"description\":\"Mejora tu economia con nuestros cursos\",\"publisher\":{\"@id\":\"http:\/\/sincablesinformatica.com.ar\/cursosenlinea\/#organization\"},\"potentialAction\":[{\"@type\":\"SearchAction\",\"target\":{\"@type\":\"EntryPoint\",\"urlTemplate\":\"http:\/\/sincablesinformatica.com.ar\/cursosenlinea\/?s={search_term_string}\"},\"query-input\":\"required name=search_term_string\"}],\"inLanguage\":\"es\"},{\"@type\":\"Organization\",\"@id\":\"http:\/\/sincablesinformatica.com.ar\/cursosenlinea\/#organization\",\"name\":\"Los 7 pilares del cash flow\",\"url\":\"http:\/\/sincablesinformatica.com.ar\/cursosenlinea\/\",\"logo\":{\"@type\":\"ImageObject\",\"inLanguage\":\"es\",\"@id\":\"http:\/\/sincablesinformatica.com.ar\/cursosenlinea\/#\/schema\/logo\/image\/\",\"url\":\"https:\/\/sincablesinformatica.com.ar\/cursosenlinea\/wp-content\/uploads\/2024\/01\/cropped-los7pilaresdelcashflow4000-e1706712303472.png\",\"contentUrl\":\"https:\/\/sincablesinformatica.com.ar\/cursosenlinea\/wp-content\/uploads\/2024\/01\/cropped-los7pilaresdelcashflow4000-e1706712303472.png\",\"width\":104,\"height\":60,\"caption\":\"Los 7 pilares del cash flow\"},\"image\":{\"@id\":\"http:\/\/sincablesinformatica.com.ar\/cursosenlinea\/#\/schema\/logo\/image\/\"}}]}<\/script>\n<!-- \/ Yoast SEO plugin. -->","yoast_head_json":{"title":"Taller de Asesor\u00eda Financiera \"Rumbo a la Estabilidad Econ\u00f3mica\" -","description":"Nuestro taller est\u00e1 dise\u00f1ado para ayudarte a reconocer, comprender y, lo m\u00e1s importante, optimizar tus gastos para generar ganancias significativas en tus ingresos.","robots":{"index":"index","follow":"follow","max-snippet":"max-snippet:-1","max-image-preview":"max-image-preview:large","max-video-preview":"max-video-preview:-1"},"canonical":"http:\/\/sincablesinformatica.com.ar\/cursosenlinea\/product\/taller-de-asesoria-financiera-rumbo-a-la-estabilidad-economica\/","og_locale":"es_ES","og_type":"article","og_title":"Taller de Asesor\u00eda Financiera \"Rumbo a la Estabilidad Econ\u00f3mica\" -","og_description":"Nuestro taller est\u00e1 dise\u00f1ado para ayudarte a reconocer, comprender y, lo m\u00e1s importante, optimizar tus gastos para generar ganancias significativas en tus ingresos.","og_url":"http:\/\/sincablesinformatica.com.ar\/cursosenlinea\/product\/taller-de-asesoria-financiera-rumbo-a-la-estabilidad-economica\/","article_modified_time":"2024-01-25T21:30:17+00:00","og_image":[{"width":675,"height":675,"url":"http:\/\/sincablesinformatica.com.ar\/cursosenlinea\/wp-content\/uploads\/2024\/01\/En-vivo-Los-7-pilares-4.png","type":"image\/png"}],"twitter_card":"summary_large_image","twitter_misc":{"Tiempo de lectura":"1 minuto"},"schema":{"@context":"https:\/\/schema.org","@graph":[{"@type":"WebPage","@id":"http:\/\/sincablesinformatica.com.ar\/cursosenlinea\/product\/taller-de-asesoria-financiera-rumbo-a-la-estabilidad-economica\/","url":"http:\/\/sincablesinformatica.com.ar\/cursosenlinea\/product\/taller-de-asesoria-financiera-rumbo-a-la-estabilidad-economica\/","name":"Taller de Asesor\u00eda Financiera \"Rumbo a la Estabilidad Econ\u00f3mica\" -","isPartOf":{"@id":"http:\/\/sincablesinformatica.com.ar\/cursosenlinea\/#website"},"datePublished":"2024-01-25T21:03:35+00:00","dateModified":"2024-01-25T21:30:17+00:00","description":"Nuestro taller est\u00e1 dise\u00f1ado para ayudarte a reconocer, comprender y, lo m\u00e1s importante, optimizar tus gastos para generar ganancias significativas en tus ingresos.","breadcrumb":{"@id":"http:\/\/sincablesinformatica.com.ar\/cursosenlinea\/product\/taller-de-asesoria-financiera-rumbo-a-la-estabilidad-economica\/#breadcrumb"},"inLanguage":"es","potentialAction":[{"@type":"ReadAction","target":["http:\/\/sincablesinformatica.com.ar\/cursosenlinea\/product\/taller-de-asesoria-financiera-rumbo-a-la-estabilidad-economica\/"]}]},{"@type":"BreadcrumbList","@id":"http:\/\/sincablesinformatica.com.ar\/cursosenlinea\/product\/taller-de-asesoria-financiera-rumbo-a-la-estabilidad-economica\/#breadcrumb","itemListElement":[{"@type":"ListItem","position":1,"name":"Portada","item":"http:\/\/sincablesinformatica.com.ar\/cursosenlinea\/"},{"@type":"ListItem","position":2,"name":"Tienda","item":"http:\/\/sincablesinformatica.com.ar\/cursosenlinea\/shop-2\/"},{"@type":"ListItem","position":3,"name":"Taller de Asesor\u00eda Financiera &#8220;Rumbo a la Estabilidad Econ\u00f3mica&#8221;"}]},{"@type":"WebSite","@id":"http:\/\/sincablesinformatica.com.ar\/cursosenlinea\/#website","url":"http:\/\/sincablesinformatica.com.ar\/cursosenlinea\/","name":"Los 7 pilares del cash flow","description":"Mejora tu economia con nuestros cursos","publisher":{"@id":"http:\/\/sincablesinformatica.com.ar\/cursosenlinea\/#organization"},"potentialAction":[{"@type":"SearchAction","target":{"@type":"EntryPoint","urlTemplate":"http:\/\/sincablesinformatica.com.ar\/cursosenlinea\/?s={search_term_string}"},"query-input":"required name=search_term_string"}],"inLanguage":"es"},{"@type":"Organization","@id":"http:\/\/sincablesinformatica.com.ar\/cursosenlinea\/#organization","name":"Los 7 pilares del cash flow","url":"http:\/\/sincablesinformatica.com.ar\/cursosenlinea\/","logo":{"@type":"ImageObject","inLanguage":"es","@id":"http:\/\/sincablesinformatica.com.ar\/cursosenlinea\/#\/schema\/logo\/image\/","url":"https:\/\/sincablesinformatica.com.ar\/cursosenlinea\/wp-content\/uploads\/2024\/01\/cropped-los7pilaresdelcashflow4000-e1706712303472.png","contentUrl":"https:\/\/sincablesinformatica.com.ar\/cursosenlinea\/wp-content\/uploads\/2024\/01\/cropped-los7pilaresdelcashflow4000-e1706712303472.png","width":104,"height":60,"caption":"Los 7 pilares del cash flow"},"image":{"@id":"http:\/\/sincablesinformatica.com.ar\/cursosenlinea\/#\/schema\/logo\/image\/"}}]}},"uagb_featured_image_src":{"full":["https:\/\/sincablesinformatica.com.ar\/cursosenlinea\/wp-content\/uploads\/2024\/01\/En-vivo-Los-7-pilares-4.png",675,675,false],"thumbnail":["https:\/\/sincablesinformatica.com.ar\/cursosenlinea\/wp-content\/uploads\/2024\/01\/En-vivo-Los-7-pilares-4-150x150.png",150,150,true],"medium":["https:\/\/sincablesinformatica.com.ar\/cursosenlinea\/wp-content\/uploads\/2024\/01\/En-vivo-Los-7-pilares-4-300x300.png",300,300,true],"medium_large":["https:\/\/sincablesinformatica.com.ar\/cursosenlinea\/wp-content\/uploads\/2024\/01\/En-vivo-Los-7-pilares-4.png",675,675,false],"large":["https:\/\/sincablesinformatica.com.ar\/cursosenlinea\/wp-content\/uploads\/2024\/01\/En-vivo-Los-7-pilares-4.png",675,675,false],"1536x1536":["https:\/\/sincablesinformatica.com.ar\/cursosenlinea\/wp-content\/uploads\/2024\/01\/En-vivo-Los-7-pilares-4.png",675,675,false],"2048x2048":["https:\/\/sincablesinformatica.com.ar\/cursosenlinea\/wp-content\/uploads\/2024\/01\/En-vivo-Los-7-pilares-4.png",675,675,false],"course_archive_thumbnail":["https:\/\/sincablesinformatica.com.ar\/cursosenlinea\/wp-content\/uploads\/2024\/01\/En-vivo-Los-7-pilares-4-100x100.png",100,100,true],"course_single_thumbnail":["https:\/\/sincablesinformatica.com.ar\/cursosenlinea\/wp-content\/uploads\/2024\/01\/En-vivo-Los-7-pilares-4-100x100.png",100,100,true],"lesson_archive_thumbnail":["https:\/\/sincablesinformatica.com.ar\/cursosenlinea\/wp-content\/uploads\/2024\/01\/En-vivo-Los-7-pilares-4-100x100.png",100,100,true],"lesson_single_thumbnail":["https:\/\/sincablesinformatica.com.ar\/cursosenlinea\/wp-content\/uploads\/2024\/01\/En-vivo-Los-7-pilares-4-100x100.png",100,100,true],"codesigner-thumb":["https:\/\/sincablesinformatica.com.ar\/cursosenlinea\/wp-content\/uploads\/2024\/01\/En-vivo-Los-7-pilares-4-400x400.png",400,400,true],"woocommerce_thumbnail":["https:\/\/sincablesinformatica.com.ar\/cursosenlinea\/wp-content\/uploads\/2024\/01\/En-vivo-Los-7-pilares-4-300x300.png",300,300,true],"woocommerce_single":["https:\/\/sincablesinformatica.com.ar\/cursosenlinea\/wp-content\/uploads\/2024\/01\/En-vivo-Los-7-pilares-4-600x600.png",600,600,true],"woocommerce_gallery_thumbnail":["https:\/\/sincablesinformatica.com.ar\/cursosenlinea\/wp-content\/uploads\/2024\/01\/En-vivo-Los-7-pilares-4-100x100.png",100,100,true]},"uagb_author_info":{"display_name":"Hugo Infante","author_link":"https:\/\/sincablesinformatica.com.ar\/cursosenlinea\/author\/"},"uagb_comment_info":0,"uagb_excerpt":"En este emocionante curso de 3 meses, te embarcar\u00e1s en un viaje transformador hacia el control total de tus finanzas. [&hellip;]","_links":{"self":[{"href":"https:\/\/sincablesinformatica.com.ar\/cursosenlinea\/wp-json\/wp\/v2\/product\/180","targetHints":{"allow":["GET"]}}],"collection":[{"href":"https:\/\/sincablesinformatica.com.ar\/cursosenlinea\/wp-json\/wp\/v2\/product"}],"about":[{"href":"https:\/\/sincablesinformatica.com.ar\/cursosenlinea\/wp-json\/wp\/v2\/types\/product"}],"replies":[{"embeddable":true,"href":"https:\/\/sincablesinformatica.com.ar\/cursosenlinea\/wp-json\/wp\/v2\/comments?post=180"}],"wp:featuredmedia":[{"embeddable":true,"href":"https:\/\/sincablesinformatica.com.ar\/cursosenlinea\/wp-json\/wp\/v2\/media\/182"}],"wp:attachment":[{"href":"https:\/\/sincablesinformatica.com.ar\/cursosenlinea\/wp-json\/wp\/v2\/media?parent=180"}],"wp:term":[{"taxonomy":"product_cat","embeddable":true,"href":"https:\/\/sincablesinformatica.com.ar\/cursosenlinea\/wp-json\/wp\/v2\/product_cat?post=180"},{"taxonomy":"product_tag","embeddable":true,"href":"https:\/\/sincablesinformatica.com.ar\/cursosenlinea\/wp-json\/wp\/v2\/product_tag?post=180"}],"curies":[{"name":"wp","href":"https:\/\/api.w.org\/{rel}","templated":true}]}}